{"id":652,"date":"2014-02-24T15:36:00","date_gmt":"2014-02-24T15:36:00","guid":{"rendered":"http:\/\/www.clinicadelrio.com\/en\/?page_id=652"},"modified":"2014-02-24T15:48:56","modified_gmt":"2014-02-24T15:48:56","slug":"certificados-medicos-en-san-pedro-y-estepona","status":"publish","type":"page","link":"https:\/\/www.clinicadelrio.com\/en\/certificados-medicos-en-san-pedro-y-estepona\/","title":{"rendered":"Certificados m\u00e9dicos en San Pedro y Estepona"},"content":{"rendered":"<div class=\"wpb_row vc_row-fluid \"> \n\t<div class=\"vc_span12 wpb_column column_container\">\n\t\t<div class=\"wpb_wrapper\">\n\t\t\t \n\t<div class=\"wpb_single_image wpb_content_element\">\n\t\t<div class=\"wpb_wrapper\">\n\t\t\t\n\t\t\t<img src=\"https:\/\/www.clinicadelrio.com\/en\/wp-content\/uploads\/2014\/02\/4456971_l-990x380.jpg\" width=\"990\" height=\"380\" alt=\"Certificados m\u00e9dicos en San Pedro de Alc\u00e1ntara y Estepona\" \/>\n\t\t<\/div> \n\t<\/div>  \n\t<div class=\"wpb_text_column wpb_content_element \">\n\t\t<div class=\"wpb_wrapper\">\n\t\t\t\n<p>A.-\u00a0<strong>Certificado m\u00e9dico para la obtenci\u00f3n del Carnet de Conducir:<br \/>\n<\/strong>Nuestros centros m\u00e9dicos en Marbella \u2013 San Pedro de alc\u00e1ntara y Estepona le realizan pruebas f\u00edsicas para determinar la aptitud necesaria para la\u00a0<strong>obtenci\u00f3n del carnet de conducir<\/strong>. Adem\u00e1s y al mismo tiempo le gestionamos la\u00a0<strong>tramitaci\u00f3n con la Direcci\u00f3n General de Tr\u00e1fico<\/strong>. S\u00f3lo se puede tramitar la renovaci\u00f3n, en los casos de canje o duplicado la gesti\u00f3n se debe hacer en las dependencias de Tr\u00e1fico en M\u00e1laga.<\/p>\n<p>El horario para realizar este servicio m\u00e9dico es Lunes, Martes, Jueves y Viernes,ma\u00f1anas y tardes, es necesario cita previa.<\/p>\n<p>El solicitante recibe un resguardo que prueba la tramitaci\u00f3n a trav\u00e9s de nuestro centro m\u00e9dico v\u00e1lido durante tres meses, plazo en el que recibe en su domicilio el carnet de conducir nuevo.<\/p>\n<p>B.-\u00a0<strong>Certificado m\u00e9dico para la obtenci\u00f3n del Permiso de Armas:<\/strong><br \/>\nNo es necesaria cita para este servicio m\u00e9dico, puede realizarse de 9 a 21 horas de Lunes a Viernes y los S\u00e1bados de 10 a 14 h.<br \/>\nEs necesario aportar fotograf\u00eda<\/p>\n<p>C.-\u00a0<strong>Certificado m\u00e9dico para la Licencia de tenencia de animales peligrosos:<\/strong><br \/>\nNo es necesaria cita para este servicio m\u00e9dico, puede realizarse de 9 a 21 horas de Lunes a Viernes y los S\u00e1bados de 10 a 14 h.<br \/>\nEs necesario aportar fotograf\u00eda.<\/p>\n<p>D.-\u00a0<strong>Certificado m\u00e9dico para la obtene<\/strong><strong>r el permiso de Residencia:<\/strong><br \/>\nNo es necesaria cita para este servicio m\u00e9dico, puede realizarse de 9 a 21 horas de Lunes a Viernes y los S\u00e1bados de 10 a 14 h.<\/p>\n<p>E.-\u00a0<strong>Certificado m\u00e9dico para trabajar en Seguridad Privada:<\/strong><br \/>\nNo es necesaria cita para este servicio m\u00e9dico, puede realizarse de 9 a 21 hoas de Lunes a Viernes y los S\u00e1bados de 10 a 14 h.Es necesario aportar fotograf\u00eda<\/p>\n<p>F.-\u00a0<strong>Certificado para Navegaci\u00f3n b\u00e1sica (PNB), Patr\u00f3n de embarcaciones recreativas(PER),Patr\u00f3n de Yate,y Capit\u00e1n de Yate:<\/strong><br \/>\nNo es necesaria cita para este servicio m\u00e9dico, puede realizarse de 9 a 21 horas de Lunes a Viernes y los S\u00e1bados de 10 a 14 h. Se requiere foto de carne.<\/p>\n\n\t\t<\/div> \n\t<\/div>  <div class=\"wpb_call_to_action wpb_content_element clearfix cta_align_right\"><a class=\"wpb_button_a\" href=\"\/clinica-en-marbella\/\"><span class=\"wpb_button  wpb_btn-primary wpb_btn-large\">Reservar cita<\/span><\/a><h2 class=\"wpb_call_text\">Reserve una cita en cualquiera de nuestros centros m\u00e9dicos en San Pedro o Estepona.<\/h2><\/div> \n \n\t\t<\/div> \n\t<\/div> \n <\/div>\n","protected":false},"excerpt":{"rendered":"A.-\u00a0Certificado m\u00e9dico para la obtenci\u00f3n del Carnet de Conducir: Nuestros centros m\u00e9dicos en Marbella \u2013 San Pedro de alc\u00e1ntara y Estepona le realizan pruebas f\u00edsicas para determinar la aptitud necesaria para la\u00a0obtenci\u00f3n del carnet de conducir. Adem\u00e1s y al mismo tiempo le gestionamos la\u00a0tramitaci\u00f3n con la Direcci\u00f3n General de Tr\u00e1fico. S\u00f3lo se puede tramitar la","protected":false},"author":1,"featured_media":0,"parent":0,"menu_order":0,"comment_status":"open","ping_status":"open","template":"","meta":[],"aioseo_notices":[],"_links":{"self":[{"href":"https:\/\/www.clinicadelrio.com\/en\/wp-json\/wp\/v2\/pages\/652"}],"collection":[{"href":"https:\/\/www.clinicadelrio.com\/en\/wp-json\/wp\/v2\/pages"}],"about":[{"href":"https:\/\/www.clinicadelrio.com\/en\/wp-json\/wp\/v2\/types\/page"}],"author":[{"embeddable":true,"href":"https:\/\/www.clinicadelrio.com\/en\/wp-json\/wp\/v2\/users\/1"}],"replies":[{"embeddable":true,"href":"https:\/\/www.clinicadelrio.com\/en\/wp-json\/wp\/v2\/comments?post=652"}],"version-history":[{"count":0,"href":"https:\/\/www.clinicadelrio.com\/en\/wp-json\/wp\/v2\/pages\/652\/revisions"}],"wp:attachment":[{"href":"https:\/\/www.clinicadelrio.com\/en\/wp-json\/wp\/v2\/media?parent=652"}],"curies":[{"name":"wp","href":"https:\/\/api.w.org\/{rel}","templated":true}]}}