{"id":671,"date":"2014-02-24T15:57:10","date_gmt":"2014-02-24T15:57:10","guid":{"rendered":"http:\/\/www.clinicadelrio.com\/en\/?page_id=671"},"modified":"2014-02-24T16:00:09","modified_gmt":"2014-02-24T16:00:09","slug":"centro-especializado-en-accidentes-de-trafico","status":"publish","type":"page","link":"https:\/\/www.clinicadelrio.com\/en\/centro-especializado-en-accidentes-de-trafico\/","title":{"rendered":"Centro especializado en accidentes de tr\u00e1fico"},"content":{"rendered":"<div class=\"wpb_row vc_row-fluid \"> \n\t<div class=\"vc_span12 wpb_column column_container\">\n\t\t<div class=\"wpb_wrapper\">\n\t\t\t \n\t<div class=\"wpb_single_image wpb_content_element\">\n\t\t<div class=\"wpb_wrapper\">\n\t\t\t\n\t\t\t<img src=\"https:\/\/www.clinicadelrio.com\/en\/wp-content\/uploads\/2014\/02\/shutterstock_79629397-990x380.jpg\" width=\"990\" height=\"380\" alt=\"Centro especializado en accidentes de tr\u00e1fico en San Pedro y Estepona\" \/>\n\t\t<\/div> \n\t<\/div>  \n\t<div class=\"wpb_text_column wpb_content_element \">\n\t\t<div class=\"wpb_wrapper\">\n\t\t\t\n<p><strong>Asistencia m\u00e9dica gratuita tras un accidente de tr\u00e1fico<br \/>\n<\/strong><\/p>\n<p>Somos centro adherido al convenio de atenci\u00f3n al lesionado por accidente de tr\u00e1fico.<\/p>\n<p>Atendemos a todas\u00a0 aquellas personas que han sufrido un accidente de tr\u00e1fico:\u00a0 conductores, peatones u ocupantes independientemente que sean responsables o no del mismo.<\/p>\n<p>Nosotros nos ocupamos de todo,\u00a0 usted solo debe acercarse a nuestro centro o llamarnos y comunicar su accidente antes de 15 d\u00edas y tener en regla su seguro de coche.<\/p>\n<ul>\n<li>Hablaremos con su aseguradora.<\/li>\n<li>Tramitaremos su documentaci\u00f3n de la asistencia gratuita a la que tiene derecho para la recuperaci\u00f3n.<\/li>\n<li>Concertaremos la cita con un especialista para la valoraci\u00f3n y seguimiento de sus lesiones e iniciaremos los tratamientos m\u00e9dicos necesarios.<\/li>\n<li>Nos ocuparemos de que le realicen las pruebas necesarias para un correcto diagn\u00f3stico.<\/li>\n<li>Si necesita rehabilitaci\u00f3n,\u00a0 nosotros se la ofrecemos tambi\u00e9n, sin coste adicional.<\/li>\n<\/ul>\n\n\t\t<\/div> \n\t<\/div>  \n\t\t<\/div> \n\t<\/div> \n <\/div>\n","protected":false},"excerpt":{"rendered":"Asistencia m\u00e9dica gratuita tras un accidente de tr\u00e1fico Somos centro adherido al convenio de atenci\u00f3n al lesionado por accidente de tr\u00e1fico. Atendemos a todas\u00a0 aquellas personas que han sufrido un accidente de tr\u00e1fico:\u00a0 conductores, peatones u ocupantes independientemente que sean responsables o no del mismo. Nosotros nos ocupamos de todo,\u00a0 usted solo debe acercarse a","protected":false},"author":1,"featured_media":0,"parent":0,"menu_order":0,"comment_status":"open","ping_status":"open","template":"","meta":[],"aioseo_notices":[],"_links":{"self":[{"href":"https:\/\/www.clinicadelrio.com\/en\/wp-json\/wp\/v2\/pages\/671"}],"collection":[{"href":"https:\/\/www.clinicadelrio.com\/en\/wp-json\/wp\/v2\/pages"}],"about":[{"href":"https:\/\/www.clinicadelrio.com\/en\/wp-json\/wp\/v2\/types\/page"}],"author":[{"embeddable":true,"href":"https:\/\/www.clinicadelrio.com\/en\/wp-json\/wp\/v2\/users\/1"}],"replies":[{"embeddable":true,"href":"https:\/\/www.clinicadelrio.com\/en\/wp-json\/wp\/v2\/comments?post=671"}],"version-history":[{"count":0,"href":"https:\/\/www.clinicadelrio.com\/en\/wp-json\/wp\/v2\/pages\/671\/revisions"}],"wp:attachment":[{"href":"https:\/\/www.clinicadelrio.com\/en\/wp-json\/wp\/v2\/media?parent=671"}],"curies":[{"name":"wp","href":"https:\/\/api.w.org\/{rel}","templated":true}]}}